{"id":190,"date":"2023-02-25T00:33:31","date_gmt":"2023-02-25T00:33:31","guid":{"rendered":"https:\/\/masedigital.com.mx\/?page_id=190"},"modified":"2026-02-28T07:32:00","modified_gmt":"2026-02-28T07:32:00","slug":"inicio","status":"publish","type":"page","link":"https:\/\/masedigital.com.mx\/","title":{"rendered":"Inicio"},"content":{"rendered":"\n<div class=\"wp-block-uagb-container uagb-block-hero001 alignfull uagb-is-root-container\">\n<div class=\"wp-block-uagb-container uagb-block-hero002\">\n<div class=\"wp-block-uagb-container uagb-block-hero003\">\n<p class=\"has-luminous-vivid-amber-color has-text-color has-link-color wp-elements-56d13ff2f034ddea039d81d19e459400\" style=\"font-size:14px;font-style:normal;font-weight:600;letter-spacing:3px;text-transform:uppercase\">\u26a1 Soluciones Tecnol\u00f3gicas<\/p>\n\n\n\n<h1 class=\"wp-block-heading has-white-color has-text-color has-link-color wp-elements-93bb5d53b727c2a36c785174c624d6b6\" style=\"margin-top:16px;margin-bottom:20px;font-size:52px;font-style:normal;font-weight:800;line-height:1.1\">Innovamos tu negocio con <mark style=\"background-color:rgba(0, 0, 0, 0);color:#60a5fa\" class=\"has-inline-color\">tecnolog\u00eda<\/mark><\/h1>\n\n\n\n<p class=\"has-cyan-bluish-gray-color has-text-color has-link-color wp-elements-6f2a861e00d3420242af046cfa7b9816\" style=\"margin-bottom:32px;font-size:18px;line-height:1.7\">Expertos en soluciones tecnol\u00f3gicas para negocios. Desde apps m\u00f3viles hasta puntos de venta, te ayudamos a automatizar y hacer crecer tu empresa.<\/p>\n\n\n\n<div class=\"wp-block-uagb-buttons uagb-buttons__outer-wrap uagb-btn__default-btn uagb-btn-tablet__default-btn uagb-btn-mobile__default-btn uagb-block-hero004\"><div class=\"uagb-buttons__wrap uagb-buttons-layout-wrap \">\n<div class=\"wp-block-uagb-buttons-child uagb-buttons__outer-wrap uagb-block-hero005 wp-block-button\"><div class=\"uagb-button__wrapper\"><a class=\"uagb-buttons-repeater wp-block-button__link\" aria-label=\"\" href=\"#productos\" rel=\"follow noopener\" target=\"_self\" role=\"button\"><div class=\"uagb-button__link\">Ver Productos<\/div><\/a><\/div><\/div>\n\n\n\n<div class=\"wp-block-uagb-buttons-child uagb-buttons__outer-wrap uagb-block-hero006 wp-block-button\"><div class=\"uagb-button__wrapper\"><a class=\"uagb-buttons-repeater wp-block-button__link\" aria-label=\"\" href=\"#contacto\" rel=\"follow noopener\" target=\"_self\" role=\"button\"><div class=\"uagb-button__link\">Cont\u00e1ctanos<\/div><\/a><\/div><\/div>\n<\/div><\/div>\n\n\n\n<div style=\"height:40px\" aria-hidden=\"true\" class=\"wp-block-spacer\"><\/div>\n\n\n\n<div class=\"wp-block-uagb-container uagb-block-hero007\">\n<div class=\"wp-block-uagb-container uagb-block-hero008\">\n<h3 class=\"wp-block-heading has-white-color has-text-color has-link-color wp-elements-fe6d9817bff57b2d9f4819c425813d56\" style=\"font-size:32px;font-weight:800\">3+<\/h3>\n\n\n\n<p class=\"has-link-color wp-elements-d57ccdfdb68d712c622ae0c484a11a13\" style=\"font-size:14px\"><p style=\"font-size:14px\"><span style=\"color:#64748b\">Productos<\/span><\/p><\/p>\n<\/div>\n\n\n\n<div class=\"wp-block-uagb-container uagb-block-hero009\">\n<h3 class=\"wp-block-heading has-white-color has-text-color has-link-color wp-elements-f37c1635679a8228b390d3f25a542b1a\" style=\"font-size:32px;font-weight:800\">24\/7<\/h3>\n\n\n\n<p style=\"font-size:14px\"><span style=\"color:#64748b\">Soporte<\/span><\/p>\n<\/div>\n\n\n\n<div class=\"wp-block-uagb-container uagb-block-hero010\">\n<h3 class=\"wp-block-heading has-white-color has-text-color has-link-color wp-elements-ad2d0da343d557ed0540ef5e1344f6b8\" style=\"font-size:32px;font-weight:800\">100%<\/h3>\n\n\n\n<p style=\"font-size:14px\"><span style=\"color:#64748b\">Compromiso<\/span><\/p>\n<\/div>\n<\/div>\n<\/div>\n\n\n\n<div class=\"wp-block-uagb-container uagb-block-hero011\">\n<figure class=\"wp-block-image size-large has-custom-border\"><img decoding=\"async\" src=\"http:\/\/masedigital.com.mx\/wp-content\/uploads\/2024\/07\/portada-principal-mase-digital-1.webp\" alt=\"Mas\u00e9 Digital - Soluciones tecnol\u00f3gicas\" style=\"border-radius:24px\"\/><\/figure>\n<\/div>\n<\/div>\n<\/div>\n\n\n<p><!-- ============================== --><br \/>\n<!--   SECCI\u00d3N 2: PRODUCTOS          --><br \/>\n<!-- ============================== --><\/p>\n\n\n<section class=\"wp-block-uagb-container uagb-block-prod001 alignfull uagb-is-root-container\">\n<p class=\"has-text-align-center\" style=\"margin-bottom:12px;font-size:13px;font-style:normal;font-weight:600;letter-spacing:2px;text-transform:uppercase\"><span style=\"color:#2563eb;background-color:#dbeafe;padding:6px 18px;border-radius:30px;\">Productos<\/span><\/p>\n\n\n\n<h2 class=\"wp-block-heading has-text-align-center\" style=\"margin-bottom:12px;font-size:40px;font-weight:800;line-height:1.2\">Soluciones para cada necesidad<\/h2>\n\n\n\n<p class=\"has-text-align-center\" style=\"margin-bottom:60px;font-size:17px;line-height:1.7\"><span style=\"color:#64748b\">Herramientas dise\u00f1adas para optimizar la operaci\u00f3n de tu negocio.<\/span><\/p>\n\n\n\n<div class=\"wp-block-uagb-container uagb-block-prod002\">\n<div class=\"wp-block-uagb-container uagb-block-prod003\">\n<p style=\"margin-bottom:20px;font-size:12px;font-weight:700;letter-spacing:1px;text-transform:uppercase\"><span style=\"background-color:#f59e0b;color:#ffffff;padding:4px 14px;border-radius:20px;\">\u2605 Nuevo<\/span><\/p>\n\n\n\n<p style=\"margin-bottom:16px;font-size:40px\">\ud83d\udcf1<\/p>\n\n\n\n<h3 class=\"wp-block-heading has-white-color has-text-color has-link-color wp-elements-d99794b133287309b97b780239f7399f\" style=\"margin-bottom:12px;font-size:28px;font-weight:700\">Masify<\/h3>\n\n\n\n<p style=\"margin-bottom:24px;font-size:15px;line-height:1.7\"><span style=\"color:rgba(255,255,255,0.85)\">App m\u00f3vil para gesti\u00f3n de restaurantes y negocios. Administra pedidos, cocina, mesas, ventas y mucho m\u00e1s desde tu celular.<\/span><\/p>\n\n\n\n<ul style=\"margin-bottom:28px;font-size:14px;line-height:2.2\" class=\"wp-block-list\">\n<li><span style=\"color:rgba(255,255,255,0.9)\">\u2705 Gesti\u00f3n de pedidos en tiempo real<\/span><\/li>\n\n\n\n<li><span style=\"color:rgba(255,255,255,0.9)\">\u2705 Impresi\u00f3n de tickets por Bluetooth<\/span><\/li>\n\n\n\n<li><span style=\"color:rgba(255,255,255,0.9)\">\u2705 Multi-sucursal<\/span><\/li>\n\n\n\n<li><span style=\"color:rgba(255,255,255,0.9)\">\u2705 100% Gratis<\/span><\/li>\n<\/ul>\n\n\n\n<div class=\"wp-block-uagb-buttons uagb-buttons__outer-wrap uagb-btn__default-btn uagb-btn-tablet__default-btn uagb-btn-mobile__default-btn uagb-block-prod004\"><div class=\"uagb-buttons__wrap uagb-buttons-layout-wrap \">\n<div class=\"wp-block-uagb-buttons-child uagb-buttons__outer-wrap uagb-block-prod005 wp-block-button\"><div class=\"uagb-button__wrapper\"><a class=\"uagb-buttons-repeater wp-block-button__link\" aria-label=\"\" href=\"https:\/\/masedigital.com.mx\/masify\" rel=\"follow noopener\" target=\"_self\" role=\"button\"><div class=\"uagb-button__link\">\ud83d\udd17  Conocer m\u00e1s<\/div><\/a><\/div><\/div>\n<\/div><\/div>\n<\/div>\n\n\n\n<div class=\"wp-block-uagb-container uagb-block-prod006\">\n<div class=\"wp-block-uagb-container uagb-block-prod007\">\n<p style=\"margin-bottom:12px;font-size:32px\">\ud83d\udda5\ufe0f<\/p>\n\n\n\n<h3 class=\"wp-block-heading\" style=\"margin-bottom:8px;font-size:20px;font-weight:700\">MAS\u00c9 Punto de Venta<\/h3>\n\n\n\n<p style=\"margin-bottom:16px;font-size:14px;line-height:1.6\"><span style=\"color:#64748b\">Software de escritorio para restaurantes. Modo online y offline con impresi\u00f3n t\u00e9rmica.<\/span><\/p>\n\n\n\n<p style=\"font-size:13px;line-height:2\"><span style=\"color:#475569\">\u2705 Modo offline &nbsp; \u2705 Impresi\u00f3n t\u00e9rmica &nbsp; \u2705 Reportes<\/span><\/p>\n<\/div>\n\n\n\n<div class=\"wp-block-uagb-container uagb-block-prod008\">\n<p style=\"margin-bottom:12px;font-size:32px\">\u2699\ufe0f<\/p>\n\n\n\n<h3 class=\"wp-block-heading\" style=\"margin-bottom:8px;font-size:20px;font-weight:700\">Software Personalizado<\/h3>\n\n\n\n<p style=\"margin-bottom:16px;font-size:14px;line-height:1.6\"><span style=\"color:#64748b\">Desarrollamos soluciones a medida. Desde sistemas web hasta integraciones especializadas.<\/span><\/p>\n\n\n\n<p style=\"font-size:13px;line-height:2\"><span style=\"color:#475569\">\u2705 A medida &nbsp; \u2705 Tech moderna &nbsp; \u2705 Escalable<\/span><\/p>\n<\/div>\n<\/div>\n<\/div>\n<\/section>\n\n\n<p><!-- ============================================ --><br \/>\n<!--   SECCI\u00d3N 3: QUI\u00c9NES SOMOS                    --><br \/>\n<!-- ============================================ --><\/p>\n\n\n<section class=\"wp-block-uagb-container uagb-block-about001 alignfull uagb-is-root-container\">\n<div class=\"wp-block-uagb-container uagb-block-about002\">\n<div class=\"wp-block-uagb-container uagb-block-about003\">\n<p class=\"has-text-align-center\" style=\"font-size:80px\">\ud83d\udcbb<\/p>\n\n\n\n<p class=\"has-text-align-center\" style=\"font-size:14px;font-weight:600;letter-spacing:2px;text-transform:uppercase\"><span style=\"color:rgba(255,255,255,0.7)\">Desde M\u00e9xico para el mundo<\/span><\/p>\n<\/div>\n\n\n\n<div class=\"wp-block-uagb-container uagb-block-about004\">\n<p style=\"margin-bottom:12px;font-size:13px;font-style:normal;font-weight:600;letter-spacing:2px;text-transform:uppercase\"><span style=\"color:#2563eb;background-color:#dbeafe;padding:6px 18px;border-radius:30px;\">Qui\u00e9nes Somos<\/span><\/p>\n\n\n\n<h2 class=\"wp-block-heading\" style=\"margin-bottom:16px;font-size:36px;font-weight:800;line-height:1.2\">Comprometidos con la innovaci\u00f3n<\/h2>\n\n\n\n<p style=\"margin-bottom:32px;font-size:16px;line-height:1.7\"><span style=\"color:#64748b\">Mas\u00e9 Digital es una empresa mexicana enfocada en ofrecer servicios tecnol\u00f3gicos confiables y de calidad, con el fin de ayudar a nuestros clientes a mejorar y automatizar sus actividades empresariales.<\/span><\/p>\n\n\n\n<div class=\"wp-block-uagb-container uagb-block-about005\">\n<div class=\"wp-block-uagb-container uagb-block-about006\">\n<p style=\"margin-bottom:6px;font-size:24px\">\ud83d\udee1\ufe0f<\/p>\n\n\n\n<h4 class=\"wp-block-heading\" style=\"margin-bottom:4px;font-size:14px;font-weight:700\">Confiabilidad<\/h4>\n\n\n\n<p style=\"font-size:13px\"><span style=\"color:#64748b\">Soluciones estables y seguras.<\/span><\/p>\n<\/div>\n\n\n\n<div class=\"wp-block-uagb-container uagb-block-about007\">\n<p style=\"margin-bottom:6px;font-size:24px\">\ud83d\udca1<\/p>\n\n\n\n<h4 class=\"wp-block-heading\" style=\"margin-bottom:4px;font-size:14px;font-weight:700\">Innovaci\u00f3n<\/h4>\n\n\n\n<p style=\"font-size:13px\"><span style=\"color:#64748b\">Tecnolog\u00eda de vanguardia.<\/span><\/p>\n<\/div>\n\n\n\n<div class=\"wp-block-uagb-container uagb-block-about008\">\n<p style=\"margin-bottom:6px;font-size:24px\">\ud83c\udfa7<\/p>\n\n\n\n<h4 class=\"wp-block-heading\" style=\"margin-bottom:4px;font-size:14px;font-weight:700\">Soporte<\/h4>\n\n\n\n<p style=\"font-size:13px\"><span style=\"color:#64748b\">Acompa\u00f1amiento continuo.<\/span><\/p>\n<\/div>\n\n\n\n<div class=\"wp-block-uagb-container uagb-block-about009\">\n<p style=\"margin-bottom:6px;font-size:24px\">\ud83d\udcc8<\/p>\n\n\n\n<h4 class=\"wp-block-heading\" style=\"margin-bottom:4px;font-size:14px;font-weight:700\">Crecimiento<\/h4>\n\n\n\n<p style=\"font-size:13px\"><span style=\"color:#64748b\">Escalamos tu operaci\u00f3n.<\/span><\/p>\n<\/div>\n<\/div>\n<\/div>\n<\/div>\n<\/section>\n\n\n<p><!-- ================================================ --><br \/>\n<!--   SECCI\u00d3N 4: DESCARGA MASIFY (CTA)                --><br \/>\n<!-- ================================================ --><\/p>\n\n\n<section class=\"wp-block-uagb-container uagb-block-dl001 alignfull uagb-is-root-container\">\n<div class=\"wp-block-uagb-container uagb-block-dl002\">\n<div class=\"wp-block-uagb-container uagb-block-dl003\">\n<p style=\"margin-bottom:12px;font-size:13px;font-style:normal;font-weight:600;letter-spacing:2px;text-transform:uppercase\"><span style=\"color:#93c5fd;background-color:rgba(37,99,235,0.2);padding:6px 18px;border-radius:30px;\">\ud83d\udcf2 Descarga la App<\/span><\/p>\n\n\n\n<h2 class=\"wp-block-heading has-white-color has-text-color has-link-color wp-elements-22d515f324fa606708ac84b949dd927e\" style=\"margin-bottom:16px;font-size:36px;font-weight:800;line-height:1.2\">Masify: Tu negocio en tu bolsillo<\/h2>\n\n\n\n<p style=\"margin-bottom:28px;font-size:16px;line-height:1.7\"><span style=\"color:#94a3b8\">Administra tu restaurante o negocio desde cualquier lugar. Descarga Masify y empieza a optimizar tu operaci\u00f3n hoy.<\/span><\/p>\n\n\n\n<ul style=\"margin-bottom:32px;font-size:15px;line-height:2.4\" class=\"wp-block-list\">\n<li><span style=\"color:#f59e0b\">\u2713<\/span> <span style=\"color:#cbd5e1\">Gesti\u00f3n de pedidos en tiempo real<\/span><\/li>\n\n\n\n<li><span style=\"color:#f59e0b\">\u2713<\/span> <span style=\"color:#cbd5e1\">Impresi\u00f3n de tickets por Bluetooth<\/span><\/li>\n\n\n\n<li><span style=\"color:#f59e0b\">\u2713<\/span> <span style=\"color:#cbd5e1\">Administra m\u00faltiples sucursales<\/span><\/li>\n\n\n\n<li><span style=\"color:#f59e0b\">\u2713<\/span> <span style=\"color:#cbd5e1\">100% gratis<\/span><\/li>\n<\/ul>\n\n\n\n<div class=\"wp-block-uagb-buttons uagb-buttons__outer-wrap uagb-btn__default-btn uagb-btn-tablet__default-btn uagb-btn-mobile__default-btn uagb-block-dl004\"><div class=\"uagb-buttons__wrap uagb-buttons-layout-wrap \">\n<div class=\"wp-block-uagb-buttons-child uagb-buttons__outer-wrap uagb-block-dl005 wp-block-button\"><div class=\"uagb-button__wrapper\"><a class=\"uagb-buttons-repeater wp-block-button__link\" aria-label=\"\" href=\"#\" rel=\"follow noopener\" target=\"_self\" role=\"button\"><div class=\"uagb-button__link\">\u25b6  Google Play<\/div><\/a><\/div><\/div>\n<\/div><\/div>\n\n\n\n<p style=\"margin-top:12px;font-size:12px\"><span style=\"color:#475569\">Pr\u00f3ximamente disponible en Google Play Store<\/span><\/p>\n<\/div>\n\n\n\n<div class=\"wp-block-uagb-container uagb-block-dl006\">\n<div class=\"wp-block-uagb-container uagb-block-dl007\">\n<div class=\"wp-block-uagb-container uagb-block-dl008\">\n<p class=\"has-text-align-center\" style=\"margin-bottom:12px;font-size:48px\">\ud83c\udf7d\ufe0f<\/p>\n\n\n\n<h3 class=\"wp-block-heading has-text-align-center has-white-color has-text-color has-link-color wp-elements-30a58dafdb356c3582ebc74ec29707cf\" style=\"margin-bottom:4px;font-size:24px;font-weight:700\">Masify<\/h3>\n\n\n\n<p class=\"has-text-align-center\" style=\"font-size:14px\"><span style=\"color:rgba(255,255,255,0.7)\">Gesti\u00f3n inteligente<\/span><\/p>\n<\/div>\n<\/div>\n<\/div>\n<\/div>\n<\/section>\n\n\n<p><!-- ============================================ --><br \/>\n<!--   SECCI\u00d3N 5: CONT\u00c1CTANOS                      --><br \/>\n<!-- ============================================ --><\/p>\n\n\n<section class=\"wp-block-uagb-container uagb-block-ct001 alignfull uagb-is-root-container\">\n<p class=\"has-text-align-center\" style=\"margin-bottom:12px;font-size:13px;font-style:normal;font-weight:600;letter-spacing:2px;text-transform:uppercase\"><span style=\"color:#2563eb;background-color:#dbeafe;padding:6px 18px;border-radius:30px;\">Contacto<\/span><\/p>\n\n\n\n<h2 class=\"wp-block-heading has-text-align-center\" style=\"margin-bottom:12px;font-size:36px;font-weight:800\">\u00bfTienes un proyecto en mente?<\/h2>\n\n\n\n<p class=\"has-text-align-center\" style=\"margin-bottom:60px;font-size:16px\"><span style=\"color:#64748b\">Cu\u00e9ntanos sobre tu negocio y te ayudamos a encontrar la soluci\u00f3n ideal.<\/span><\/p>\n\n\n\n<div class=\"wp-block-uagb-container uagb-block-ct002\">\n<div class=\"wp-block-uagb-container uagb-block-ct003\">\n<div class=\"wp-block-uagb-container uagb-block-ct004\">\n<div class=\"wp-block-uagb-container uagb-block-ct005\">\n<p class=\"has-text-align-center\" style=\"font-size:20px\">\ud83d\udce7<\/p>\n<\/div>\n\n\n\n<div class=\"wp-block-uagb-container uagb-block-ct006\">\n<h4 class=\"wp-block-heading\" style=\"margin-bottom:2px;font-size:14px;font-weight:700\">Correo Electr\u00f3nico<\/h4>\n\n\n\n<p style=\"font-size:14px\"><span style=\"color:#64748b\">contacto@masedigital.com.mx<\/span><\/p>\n<\/div>\n<\/div>\n\n\n\n<div class=\"wp-block-uagb-container uagb-block-ct007\">\n<div class=\"wp-block-uagb-container uagb-block-ct008\">\n<p class=\"has-text-align-center\" style=\"font-size:20px\">\ud83c\udfa7<\/p>\n<\/div>\n\n\n\n<div class=\"wp-block-uagb-container uagb-block-ct009\">\n<h4 class=\"wp-block-heading\" style=\"margin-bottom:2px;font-size:14px;font-weight:700\">Soporte T\u00e9cnico<\/h4>\n\n\n\n<p style=\"font-size:14px\"><span style=\"color:#64748b\">soporte@masedigital.com.mx<\/span><\/p>\n<\/div>\n<\/div>\n\n\n\n<div class=\"wp-block-uagb-container uagb-block-ct010\">\n<div class=\"wp-block-uagb-container uagb-block-ct011\">\n<p class=\"has-text-align-center\" style=\"font-size:20px\">\ud83d\udcac<\/p>\n<\/div>\n\n\n\n<div class=\"wp-block-uagb-container uagb-block-ct012\">\n<h4 class=\"wp-block-heading\" style=\"margin-bottom:2px;font-size:14px;font-weight:700\">WhatsApp<\/h4>\n\n\n\n<p style=\"font-size:14px\"><span style=\"color:#64748b\">Escr\u00edbenos por WhatsApp<\/span><\/p>\n<\/div>\n<\/div>\n\n\n\n<div class=\"wp-block-uagb-container uagb-block-ct013\">\n<div class=\"wp-block-uagb-container uagb-block-ct014\">\n<p class=\"has-text-align-center\" style=\"font-size:20px\">\ud83c\udf10<\/p>\n<\/div>\n\n\n\n<div class=\"wp-block-uagb-container uagb-block-ct015\">\n<h4 class=\"wp-block-heading\" style=\"margin-bottom:2px;font-size:14px;font-weight:700\">Sitio Web<\/h4>\n\n\n\n<p style=\"font-size:14px\"><span style=\"color:#64748b\">www.masedigital.com.mx<\/span><\/p>\n<\/div>\n<\/div>\n<\/div>\n\n\n\n<div class=\"wp-block-uagb-container uagb-block-ct016\">\n<h3 class=\"wp-block-heading\" style=\"margin-bottom:24px;font-size:20px;font-weight:700\">Env\u00edanos un mensaje<\/h3>\n\n\n<div class=\"wpforms-container wpforms-container-full\" id=\"wpforms-401\"><form id=\"wpforms-form-401\" class=\"wpforms-validate wpforms-form wpforms-ajax-form\" data-formid=\"401\" method=\"post\" enctype=\"multipart\/form-data\" action=\"\/index.php\/wp-json\/wp\/v2\/pages\/190\" data-token=\"cf55bb685b3eeb0c4f8cf58e2c587934\"><noscript class=\"wpforms-error-noscript\">Please enable JavaScript in your browser to complete this form.<\/noscript><div class=\"wpforms-field-container\"><div id=\"wpforms-401-field_0-container\" class=\"wpforms-field wpforms-field-name\" data-field-id=\"0\"><label class=\"wpforms-field-label\" for=\"wpforms-401-field_0\">Nombre <span class=\"wpforms-required-label\">*<\/span><\/label><input type=\"text\" id=\"wpforms-401-field_0\" class=\"wpforms-field-medium wpforms-field-required\" name=\"wpforms[fields][0]\" required><\/div><div id=\"wpforms-401-field_1-container\" class=\"wpforms-field wpforms-field-email\" data-field-id=\"1\"><label class=\"wpforms-field-label\" for=\"wpforms-401-field_1\">Correo <span class=\"wpforms-required-label\">*<\/span><\/label><input type=\"email\" id=\"wpforms-401-field_1\" class=\"wpforms-field-medium wpforms-field-required\" name=\"wpforms[fields][1]\" required><\/div><div id=\"wpforms-401-field_2-container\" class=\"wpforms-field wpforms-field-textarea\" data-field-id=\"2\"><label class=\"wpforms-field-label\" for=\"wpforms-401-field_2\">Escribe un mensaje y te contactaremos de inmediato <span class=\"wpforms-required-label\">*<\/span><\/label><textarea id=\"wpforms-401-field_2\" class=\"wpforms-field-medium wpforms-field-required\" name=\"wpforms[fields][2]\" required><\/textarea><\/div><\/div><div class=\"wpforms-submit-container\"><input type=\"hidden\" name=\"wpforms[id]\" value=\"401\"><input type=\"hidden\" name=\"wpforms[author]\" value=\"1\"><button type=\"submit\" name=\"wpforms[submit]\" id=\"wpforms-submit-401\" class=\"wpforms-submit\" data-alt-text=\"Enviando...\" data-submit-text=\"Enviar\" aria-live=\"assertive\" value=\"wpforms-submit\">Enviar<\/button><img loading=\"lazy\" decoding=\"async\" src=\"https:\/\/masedigital.com.mx\/wp-content\/plugins\/wpforms-lite\/assets\/images\/submit-spin.svg\" class=\"wpforms-submit-spinner\" style=\"display: none;\" width=\"26\" height=\"26\" alt=\"Loading\"><\/div><\/form><\/div>  <!-- .wpforms-container --><\/div>\n<\/div>\n<\/section>\n\n\n<p><!-- ============================================ --><br \/>\n<!--   FOOTER                                      --><br \/>\n<!-- ============================================ --><\/p>\n\n\n<div class=\"wp-block-uagb-container uagb-block-ft001 alignfull uagb-is-root-container\">\n<div class=\"wp-block-uagb-container uagb-block-ft002\">\n<div class=\"wp-block-uagb-container uagb-block-ft003\">\n<h3 class=\"wp-block-heading has-white-color has-text-color has-link-color wp-elements-135902e3cfeae6e2ca7e7fde4de6185c\" style=\"margin-bottom:12px;font-size:22px;font-weight:800\">Mas\u00e9 <span style=\"color:#2563eb\">Digital<\/span><\/h3>\n\n\n\n<p style=\"font-size:14px;line-height:1.7\"><span style=\"color:#64748b\">Soluciones tecnol\u00f3gicas confiables para hacer crecer tu negocio.<\/span><\/p>\n<\/div>\n\n\n\n<div class=\"wp-block-uagb-container uagb-block-ft004\">\n<h4 class=\"wp-block-heading has-white-color has-text-color has-link-color wp-elements-9d1d037a4c34bb36f19d56190ca2bb95\" style=\"margin-bottom:14px;font-size:12px;font-weight:700;letter-spacing:1px;text-transform:uppercase\">Productos<\/h4>\n\n\n\n<p style=\"font-size:14px;line-height:2.2\"><a href=\"#descarga\" style=\"color:#94a3b8;text-decoration:none\">Masify App<\/a><br><a href=\"#productos\" style=\"color:#94a3b8;text-decoration:none\">Punto de Venta<\/a><br><a href=\"#productos\" style=\"color:#94a3b8;text-decoration:none\">Software Personalizado<\/a><\/p>\n<\/div>\n\n\n\n<div class=\"wp-block-uagb-container uagb-block-ft005\">\n<h4 class=\"wp-block-heading has-white-color has-text-color has-link-color wp-elements-6385c2ea70f710bad77b00e57fb92e31\" style=\"margin-bottom:14px;font-size:12px;font-weight:700;letter-spacing:1px;text-transform:uppercase\">Empresa<\/h4>\n\n\n\n<p style=\"font-size:14px;line-height:2.2\"><a href=\"#nosotros\" style=\"color:#94a3b8;text-decoration:none\">Qui\u00e9nes Somos<\/a><br><a href=\"#contacto\" style=\"color:#94a3b8;text-decoration:none\">Contacto<\/a><\/p>\n<\/div>\n\n\n\n<div class=\"wp-block-uagb-container uagb-block-ft006\">\n<h4 class=\"wp-block-heading has-white-color has-text-color has-link-color wp-elements-45b549ab054d7f8c9f18a830a2ecfcb2\" style=\"margin-bottom:14px;font-size:12px;font-weight:700;letter-spacing:1px;text-transform:uppercase\">Legal<\/h4>\n\n\n\n<p style=\"font-size:14px;line-height:2.2\"><a href=\"\/masify\/privacy-policy\" style=\"color:#94a3b8;text-decoration:none\">Pol\u00edtica de Privacidad<\/a><\/p>\n<\/div>\n<\/div>\n\n\n\n<div class=\"wp-block-uagb-container uagb-block-ft007\">\n<p style=\"font-size:13px\"><span style=\"color:#475569\">\u00a9 2026 Mas\u00e9 Digital. Todos los derechos reservados.<\/span><\/p>\n\n\n\n<p style=\"font-size:13px\"><span style=\"color:#475569\">contacto@masedigital.com.mx<\/span><\/p>\n<\/div>\n<\/div>\n","protected":false},"excerpt":{"rendered":"<p>\u26a1 Soluciones Tecnol\u00f3gicas Innovamos tu negocio con tecnolog\u00eda Expertos en soluciones tecnol\u00f3gicas para negocios. Desde apps m\u00f3viles hasta puntos de venta, te ayudamos a automatizar y hacer crecer tu empresa. 3+ Productos 24\/7 Soporte 100% Compromiso Productos Soluciones para cada necesidad Herramientas dise\u00f1adas para optimizar la operaci\u00f3n de tu negocio. \u2605 Nuevo \ud83d\udcf1 Masify App &hellip;<\/p>\n<p class=\"read-more\"> <a class=\"\" href=\"https:\/\/masedigital.com.mx\/\"> <span class=\"screen-reader-text\">Inicio<\/span> Read More &raquo;<\/a><\/p>\n","protected":false},"author":1,"featured_media":0,"parent":0,"menu_order":0,"comment_status":"closed","ping_status":"closed","template":"","meta":{"_uag_custom_page_level_css":"","site-sidebar-layout":"default","site-content-layout":"default","ast-global-header-display":"","ast-main-header-display":"","ast-hfb-above-header-display":"","ast-hfb-below-header-display":"","ast-hfb-mobile-header-display":"","site-post-title":"disabled","ast-breadcrumbs-content":"","ast-featured-img":"","footer-sml-layout":"","theme-transparent-header-meta":"","adv-header-id-meta":"","stick-header-meta":"","header-above-stick-meta":"","header-main-stick-meta":"","header-below-stick-meta":"","_joinchat":[],"footnotes":""},"class_list":["post-190","page","type-page","status-publish","hentry"],"uagb_featured_image_src":{"full":false,"thumbnail":false,"medium":false,"medium_large":false,"large":false,"1536x1536":false,"2048x2048":false},"uagb_author_info":{"display_name":"richoms111@gmail.com","author_link":"https:\/\/masedigital.com.mx\/index.php\/author\/richoms111gmail-com\/"},"uagb_comment_info":0,"uagb_excerpt":"\u26a1 Soluciones Tecnol\u00f3gicas Innovamos tu negocio con tecnolog\u00eda Expertos en soluciones tecnol\u00f3gicas para negocios. Desde apps m\u00f3viles hasta puntos de venta, te ayudamos a automatizar y hacer crecer tu empresa. 3+ Productos 24\/7 Soporte 100% Compromiso Productos Soluciones para cada necesidad Herramientas dise\u00f1adas para optimizar la operaci\u00f3n de tu negocio. \u2605 Nuevo \ud83d\udcf1 Masify App&hellip;","_links":{"self":[{"href":"https:\/\/masedigital.com.mx\/index.php\/wp-json\/wp\/v2\/pages\/190","targetHints":{"allow":["GET"]}}],"collection":[{"href":"https:\/\/masedigital.com.mx\/index.php\/wp-json\/wp\/v2\/pages"}],"about":[{"href":"https:\/\/masedigital.com.mx\/index.php\/wp-json\/wp\/v2\/types\/page"}],"author":[{"embeddable":true,"href":"https:\/\/masedigital.com.mx\/index.php\/wp-json\/wp\/v2\/users\/1"}],"replies":[{"embeddable":true,"href":"https:\/\/masedigital.com.mx\/index.php\/wp-json\/wp\/v2\/comments?post=190"}],"version-history":[{"count":138,"href":"https:\/\/masedigital.com.mx\/index.php\/wp-json\/wp\/v2\/pages\/190\/revisions"}],"predecessor-version":[{"id":638,"href":"https:\/\/masedigital.com.mx\/index.php\/wp-json\/wp\/v2\/pages\/190\/revisions\/638"}],"wp:attachment":[{"href":"https:\/\/masedigital.com.mx\/index.php\/wp-json\/wp\/v2\/media?parent=190"}],"curies":[{"name":"wp","href":"https:\/\/api.w.org\/{rel}","templated":true}]}}